{"id":797,"date":"2019-07-02T12:00:03","date_gmt":"2019-07-02T12:00:03","guid":{"rendered":"http:\/\/rioabierto.org.ar\/?page_id=797"},"modified":"2023-11-20T00:02:54","modified_gmt":"2023-11-20T00:02:54","slug":"escuela-de-formacion","status":"publish","type":"page","link":"http:\/\/rioabierto.org.ar\/index.php\/escuela-de-formacion\/","title":{"rendered":"escuela de formaci\u00f3n"},"content":{"rendered":"<p><strong>Ofrecemos una s\u00f3lida formaci\u00f3n en t\u00e9cnicas psicocorporales con un enfoque transpersonal,\u00a0 a la vez que proponemos la exploraci\u00f3n del propio potencial creativo como herramienta principal de cada futuro instructor.<\/strong><\/p>\n<p>Acompa\u00f1ando el ritmo y las necesidades de este tiempo, hemos reelaborado nuestra propuesta formativa para los dos formatos de cursada:\u00a0<\/p>\n<ul>\n<li><strong>presencial,\u00a0<\/strong>en la sede de la Fundaci\u00f3n (2 a\u00f1os)<\/li>\n<li><strong>online,\u00a0<\/strong>cuya cursada es\u00a0exclusivamente por la plataforma del zoom.\u00a0\u00a0<\/li>\n<\/ul>\n<p>Los egresados podr\u00e1n trabajar en tareas de prevenci\u00f3n y promoci\u00f3n de salud y como coordinadores de grupos aplicando t\u00e9cnicas de integraci\u00f3n psicocorporal y expresi\u00f3n creativa en \u00e1mbitos educativos, art\u00edsticos, recreativos y terap\u00e9uticos, como tambi\u00e9n dar clases de Movimiento Vital Expresivo y Correcci\u00f3n postural. A los alumnos que hagan la formaci\u00f3n presencial, tambi\u00e9n se los habilita para dar masajes.<\/p>\n<p><span style=\"color: #ff6600;\">Planes de estudios 2024:<\/span><\/p>\n<p>Formaci\u00f3n\u00a0 \u00a0<a href=\"http:\/\/rioabierto.org.ar\/wp-content\/uploads\/2023\/11\/Programa-Formacio\u0301n-PRESENCIAL-2024.pdf\" target=\"_blank\" rel=\"noopener\">PRESENCIAL<\/a>\u00a0<\/p>\n<p>Formaci\u00f3n <a href=\"http:\/\/rioabierto.org.ar\/wp-content\/uploads\/2023\/11\/Programa-Formacio\u0301n-ONLINE-2024.pdf\" target=\"_blank\" rel=\"noopener\">ONLINE<\/a>\u00a0<\/p>\n<p class=\"p1\">\u00a0<\/p>\n\n\n<p><\/p>\n","protected":false},"excerpt":{"rendered":"<p>Ofrecemos una s\u00f3lida formaci\u00f3n en t\u00e9cnicas psicocorporales con un enfoque transpersonal,\u00a0 a la vez que proponemos la exploraci\u00f3n del propio [&hellip;]<\/p>\n","protected":false},"author":1,"featured_media":0,"parent":0,"menu_order":0,"comment_status":"closed","ping_status":"closed","template":"","meta":[],"_links":{"self":[{"href":"http:\/\/rioabierto.org.ar\/index.php\/wp-json\/wp\/v2\/pages\/797"}],"collection":[{"href":"http:\/\/rioabierto.org.ar\/index.php\/wp-json\/wp\/v2\/pages"}],"about":[{"href":"http:\/\/rioabierto.org.ar\/index.php\/wp-json\/wp\/v2\/types\/page"}],"author":[{"embeddable":true,"href":"http:\/\/rioabierto.org.ar\/index.php\/wp-json\/wp\/v2\/users\/1"}],"replies":[{"embeddable":true,"href":"http:\/\/rioabierto.org.ar\/index.php\/wp-json\/wp\/v2\/comments?post=797"}],"version-history":[{"count":34,"href":"http:\/\/rioabierto.org.ar\/index.php\/wp-json\/wp\/v2\/pages\/797\/revisions"}],"predecessor-version":[{"id":1896,"href":"http:\/\/rioabierto.org.ar\/index.php\/wp-json\/wp\/v2\/pages\/797\/revisions\/1896"}],"wp:attachment":[{"href":"http:\/\/rioabierto.org.ar\/index.php\/wp-json\/wp\/v2\/media?parent=797"}],"curies":[{"name":"wp","href":"https:\/\/api.w.org\/{rel}","templated":true}]}}