{"id":283,"date":"2019-05-19T19:46:03","date_gmt":"2019-05-19T19:46:03","guid":{"rendered":"http:\/\/rioabierto.org.ar\/?page_id=283"},"modified":"2022-07-11T23:05:14","modified_gmt":"2022-07-11T23:05:14","slug":"maria-adela-palcos","status":"publish","type":"page","link":"http:\/\/rioabierto.org.ar\/index.php\/about\/maria-adela-palcos\/","title":{"rendered":"Mar\u00eda Adela Palcos"},"content":{"rendered":"\n<figure class=\"wp-block-image\"><img loading=\"lazy\" width=\"250\" height=\"238\" src=\"http:\/\/rioabierto.org.ar\/wp-content\/uploads\/2019\/05\/retrato-maria-adela.png\" alt=\"\" class=\"wp-image-460\"\/><\/figure>\n\n\n<p class=\"p1\">Mar\u00eda Adela Palcos es la fundadora del Sistema Rio Abierto, directora de la Fundaci\u00f3n y presidenta del organismo R\u00edo Abierto Internacional. Licenciada en Psicolog\u00eda de la Universidad de Buenos Aires.<\/p>\n<p class=\"p1\">Miembro del Comit\u00e9 Cient\u00edfico Internacional de la Asociaci\u00f3n Internacional de Terapias Psicocorporales, ha participado como expositora en numerosos congresos nacionales e internacionales sobre la tem\u00e1tica. Ha brindado seminarios y talleres sobre estas t\u00e9cnicas para la promoci\u00f3n y prevenci\u00f3n de la salud en instituciones educativas y gubernamentales de diferentes pa\u00edses.<\/p>\n<p class=\"p1\">Proveniente de una familia de intelectuales porte\u00f1a, desde muy peque\u00f1a tuvo la inquietud de unir la dimensi\u00f3n corporal con dimensi\u00f3n espiritual.<\/p>\n<hr \/>\n<p class=\"p1\">Es autora del libro <b><i>Del cuerpo hacia la Luz, el Sistema R\u00edo Abierto<\/i><\/b> de Editorial Kier.<\/p>\n<p><em>\u201cEl ser humano es un ser energ\u00e9tico que absorbe, transforma y emite distintos tipos de energ\u00eda. Una de las maneras en que se organiza esta energ\u00eda es a trav\u00e9s de centros, l\u00edneas y subl\u00edneas energ\u00e9ticas. Estas v\u00edas de la energ\u00eda forman un entretejido de meridianos y paralelos que se prolonga m\u00e1s all\u00e1 de nuestra piel y se entreteje con el mundo que nos rodea. Los paralelos nos relacionan con todos los seres humanos y con muchos de los seres que participan de la creaci\u00f3n, y los meridianos nos entretejen, hacia los pies, con el planeta tierra y todo lo que est\u00e1 bajo su superficie, y hacia la cabeza con las estrellas y con otras dimensiones.\u201d<\/em><\/p>\n<p class=\"p1\">Entre sus art\u00edculos se destacan:<\/p>\n\n\n<div class=\"wp-block-button is-style-outline\"><a class=\"wp-block-button__link has-text-color\" href=\"http:\/\/rioabierto.org.ar\/wp-content\/uploads\/2019\/06\/somos-usinas.pdf\" style=\"color:#f2635d\">somos usinas<\/a><\/div>\n\n\n\n<div class=\"wp-block-button is-style-outline\"><a class=\"wp-block-button__link has-text-color has-background\" href=\"http:\/\/rioabierto.org.ar\/wp-content\/uploads\/2019\/06\/prensa-cuerpo-envida.pdf\" style=\"background-color:#ffffff;color:#f2635d\">prensa, cuerpo, en vida<\/a><\/div>\n","protected":false},"excerpt":{"rendered":"<p>Mar\u00eda Adela Palcos es la fundadora del Sistema Rio Abierto, directora de la Fundaci\u00f3n y presidenta del organismo R\u00edo Abierto [&hellip;]<\/p>\n","protected":false},"author":1,"featured_media":0,"parent":121,"menu_order":0,"comment_status":"closed","ping_status":"closed","template":"page-templates\/pagebuilder.php","meta":[],"_links":{"self":[{"href":"http:\/\/rioabierto.org.ar\/index.php\/wp-json\/wp\/v2\/pages\/283"}],"collection":[{"href":"http:\/\/rioabierto.org.ar\/index.php\/wp-json\/wp\/v2\/pages"}],"about":[{"href":"http:\/\/rioabierto.org.ar\/index.php\/wp-json\/wp\/v2\/types\/page"}],"author":[{"embeddable":true,"href":"http:\/\/rioabierto.org.ar\/index.php\/wp-json\/wp\/v2\/users\/1"}],"replies":[{"embeddable":true,"href":"http:\/\/rioabierto.org.ar\/index.php\/wp-json\/wp\/v2\/comments?post=283"}],"version-history":[{"count":15,"href":"http:\/\/rioabierto.org.ar\/index.php\/wp-json\/wp\/v2\/pages\/283\/revisions"}],"predecessor-version":[{"id":1729,"href":"http:\/\/rioabierto.org.ar\/index.php\/wp-json\/wp\/v2\/pages\/283\/revisions\/1729"}],"up":[{"embeddable":true,"href":"http:\/\/rioabierto.org.ar\/index.php\/wp-json\/wp\/v2\/pages\/121"}],"wp:attachment":[{"href":"http:\/\/rioabierto.org.ar\/index.php\/wp-json\/wp\/v2\/media?parent=283"}],"curies":[{"name":"wp","href":"https:\/\/api.w.org\/{rel}","templated":true}]}}