{"id":121,"date":"2016-10-05T10:17:54","date_gmt":"2016-10-05T10:17:54","guid":{"rendered":"http:\/\/localhost\/flash-new\/?page_id=121"},"modified":"2019-08-28T15:21:55","modified_gmt":"2019-08-28T15:21:55","slug":"about","status":"publish","type":"page","link":"http:\/\/rioabierto.org.ar\/index.php\/about\/","title":{"rendered":"qui\u00e9nes somos"},"content":{"rendered":"<p class=\"p1\"><span style=\"color: #f2635d;\">El Sistema R\u00edo Abierto es una combinaci\u00f3n de t\u00e9cnicas psicocorporales para el desarrollo integral del ser humano. Es una propuesta que invita a descubrir la sabidur\u00eda de nuestra propia naturaleza y a percibirnos como los seres creadores que somos, transitando as\u00ed un camino espiritual basado en la libertad y la confianza en el potencial humano.\u00a0\u00a0<\/span><\/p>\n<p class=\"p1\"><span style=\"color: #f2635d;\">A trav\u00e9s de su pr\u00e1ctica mejoramos la salud, nos sentimos mejor y vivimos con m\u00e1s energ\u00eda y alegr\u00eda.\u00a0\u00a0<\/span><\/p>\n<p class=\"p2\"><span style=\"color: #f2635d;\">El Sistema propone a trav\u00e9s del movimiento, el trabajo con la voz, la expresi\u00f3n de s\u00ed, las dramatizaciones y el masaje, la integraci\u00f3n cuerpo-mente-esp\u00edritu. El resultado es mayor presencia y conciencia.<\/span><\/p>\n\n\n<ul class=\"wp-block-gallery columns-2 is-cropped\"><li class=\"blocks-gallery-item\"><figure><img loading=\"lazy\" width=\"1024\" height=\"683\" src=\"http:\/\/rioabierto.org.ar\/wp-content\/uploads\/2019\/06\/Clases-fundacion-rio-abierto_03-baja-1024x683.jpg\" alt=\"\" data-id=\"533\" data-link=\"http:\/\/rioabierto.org.ar\/index.php\/about\/clases-fundacion-rio-abierto_03-baja\/\" class=\"wp-image-533\" srcset=\"http:\/\/rioabierto.org.ar\/wp-content\/uploads\/2019\/06\/Clases-fundacion-rio-abierto_03-baja-1024x683.jpg 1024w, http:\/\/rioabierto.org.ar\/wp-content\/uploads\/2019\/06\/Clases-fundacion-rio-abierto_03-baja-300x200.jpg 300w, http:\/\/rioabierto.org.ar\/wp-content\/uploads\/2019\/06\/Clases-fundacion-rio-abierto_03-baja-768x512.jpg 768w, http:\/\/rioabierto.org.ar\/wp-content\/uploads\/2019\/06\/Clases-fundacion-rio-abierto_03-baja-272x182.jpg 272w, http:\/\/rioabierto.org.ar\/wp-content\/uploads\/2019\/06\/Clases-fundacion-rio-abierto_03-baja.jpg 1500w\" sizes=\"(max-width: 1024px) 100vw, 1024px\" \/><\/figure><\/li><li class=\"blocks-gallery-item\"><figure><img loading=\"lazy\" width=\"1024\" height=\"683\" src=\"http:\/\/rioabierto.org.ar\/wp-content\/uploads\/2019\/06\/Clases-fundacion-rio-abierto_13-baja-1024x683.jpg\" alt=\"\" data-id=\"534\" data-link=\"http:\/\/rioabierto.org.ar\/index.php\/about\/clases-fundacion-rio-abierto_13-baja\/\" class=\"wp-image-534\" srcset=\"http:\/\/rioabierto.org.ar\/wp-content\/uploads\/2019\/06\/Clases-fundacion-rio-abierto_13-baja-1024x683.jpg 1024w, http:\/\/rioabierto.org.ar\/wp-content\/uploads\/2019\/06\/Clases-fundacion-rio-abierto_13-baja-300x200.jpg 300w, http:\/\/rioabierto.org.ar\/wp-content\/uploads\/2019\/06\/Clases-fundacion-rio-abierto_13-baja-768x512.jpg 768w, http:\/\/rioabierto.org.ar\/wp-content\/uploads\/2019\/06\/Clases-fundacion-rio-abierto_13-baja-272x182.jpg 272w, http:\/\/rioabierto.org.ar\/wp-content\/uploads\/2019\/06\/Clases-fundacion-rio-abierto_13-baja.jpg 1500w\" sizes=\"(max-width: 1024px) 100vw, 1024px\" \/><\/figure><\/li><\/ul>\n\n\n\n<p>Las clases son guiadas por instructores profesionales formados en distintas disciplinas como la psicolog\u00eda, la medicina, la danza, la gimnasia y el teatro. Los instructores son graduados de la Escuela de Formaci\u00f3n de R\u00edo Abierto que funciona desde 1970.<\/p>\n\n\n\n<ul class=\"wp-block-gallery columns-4 is-cropped\"><li class=\"blocks-gallery-item\"><figure><img loading=\"lazy\" width=\"683\" height=\"1024\" src=\"http:\/\/rioabierto.org.ar\/wp-content\/uploads\/2019\/06\/Posturas-fundacion-rio-abierto_27-baja-683x1024.jpg\" alt=\"\" data-id=\"536\" data-link=\"http:\/\/rioabierto.org.ar\/index.php\/about\/posturas-fundacion-rio-abierto_27-baja\/\" class=\"wp-image-536\" srcset=\"http:\/\/rioabierto.org.ar\/wp-content\/uploads\/2019\/06\/Posturas-fundacion-rio-abierto_27-baja-683x1024.jpg 683w, http:\/\/rioabierto.org.ar\/wp-content\/uploads\/2019\/06\/Posturas-fundacion-rio-abierto_27-baja-200x300.jpg 200w, http:\/\/rioabierto.org.ar\/wp-content\/uploads\/2019\/06\/Posturas-fundacion-rio-abierto_27-baja-768x1152.jpg 768w, http:\/\/rioabierto.org.ar\/wp-content\/uploads\/2019\/06\/Posturas-fundacion-rio-abierto_27-baja.jpg 1000w\" sizes=\"(max-width: 683px) 100vw, 683px\" \/><\/figure><\/li><li class=\"blocks-gallery-item\"><figure><img loading=\"lazy\" width=\"683\" height=\"1024\" src=\"http:\/\/rioabierto.org.ar\/wp-content\/uploads\/2019\/06\/Posturas-fundacion-rio-abierto_24-baja-683x1024.jpg\" alt=\"\" data-id=\"537\" data-link=\"http:\/\/rioabierto.org.ar\/index.php\/about\/posturas-fundacion-rio-abierto_24-baja\/\" class=\"wp-image-537\" srcset=\"http:\/\/rioabierto.org.ar\/wp-content\/uploads\/2019\/06\/Posturas-fundacion-rio-abierto_24-baja-683x1024.jpg 683w, http:\/\/rioabierto.org.ar\/wp-content\/uploads\/2019\/06\/Posturas-fundacion-rio-abierto_24-baja-200x300.jpg 200w, http:\/\/rioabierto.org.ar\/wp-content\/uploads\/2019\/06\/Posturas-fundacion-rio-abierto_24-baja-768x1152.jpg 768w, http:\/\/rioabierto.org.ar\/wp-content\/uploads\/2019\/06\/Posturas-fundacion-rio-abierto_24-baja.jpg 1000w\" sizes=\"(max-width: 683px) 100vw, 683px\" \/><\/figure><\/li><li class=\"blocks-gallery-item\"><figure><img loading=\"lazy\" width=\"683\" height=\"1024\" src=\"http:\/\/rioabierto.org.ar\/wp-content\/uploads\/2019\/06\/Posturas-fundacion-rio-abierto_17-baja-683x1024.jpg\" alt=\"\" data-id=\"538\" data-link=\"http:\/\/rioabierto.org.ar\/index.php\/about\/posturas-fundacion-rio-abierto_17-baja\/\" class=\"wp-image-538\" srcset=\"http:\/\/rioabierto.org.ar\/wp-content\/uploads\/2019\/06\/Posturas-fundacion-rio-abierto_17-baja-683x1024.jpg 683w, http:\/\/rioabierto.org.ar\/wp-content\/uploads\/2019\/06\/Posturas-fundacion-rio-abierto_17-baja-200x300.jpg 200w, http:\/\/rioabierto.org.ar\/wp-content\/uploads\/2019\/06\/Posturas-fundacion-rio-abierto_17-baja-768x1152.jpg 768w, http:\/\/rioabierto.org.ar\/wp-content\/uploads\/2019\/06\/Posturas-fundacion-rio-abierto_17-baja.jpg 1000w\" sizes=\"(max-width: 683px) 100vw, 683px\" \/><\/figure><\/li><li class=\"blocks-gallery-item\"><figure><img loading=\"lazy\" width=\"683\" height=\"1024\" src=\"http:\/\/rioabierto.org.ar\/wp-content\/uploads\/2019\/06\/Posturas-fundacion-rio-abierto_03-baja-683x1024.jpg\" alt=\"\" data-id=\"541\" data-link=\"http:\/\/rioabierto.org.ar\/index.php\/about\/posturas-fundacion-rio-abierto_03-baja\/\" class=\"wp-image-541\" srcset=\"http:\/\/rioabierto.org.ar\/wp-content\/uploads\/2019\/06\/Posturas-fundacion-rio-abierto_03-baja-683x1024.jpg 683w, http:\/\/rioabierto.org.ar\/wp-content\/uploads\/2019\/06\/Posturas-fundacion-rio-abierto_03-baja-200x300.jpg 200w, http:\/\/rioabierto.org.ar\/wp-content\/uploads\/2019\/06\/Posturas-fundacion-rio-abierto_03-baja-768x1152.jpg 768w, http:\/\/rioabierto.org.ar\/wp-content\/uploads\/2019\/06\/Posturas-fundacion-rio-abierto_03-baja.jpg 1000w\" sizes=\"(max-width: 683px) 100vw, 683px\" \/><\/figure><\/li><\/ul>\n\n\n\n<p>El Sistema fue creado por la licenciada Mar\u00eda Adela Palcos hace m\u00e1s de 50 a\u00f1os en Buenos Aires, Argentina. Es pionera en la sistematizaci\u00f3n de pr\u00e1cticas y m\u00e9todos psicocorporales para quienes vivimos en Occidente. A trav\u00e9s de los a\u00f1os el sistema se expandi\u00f3 hacia otras ciudades y hoy conforma&nbsp;Rio Abierto Internacional, una importante red de institutos, escuelas e instructores que replican esta pr\u00e1ctica en diferentes lugares del mundo.<\/p>\n\n\n\n<blockquote class=\"wp-block-quote\"><p><em>Con el Sistema R\u00edo Abierto buscamos otra calidad de vida, recuperar su sentido, convertirnos en agentes de cambio y transformar el pensamiento en conciencia y la conciencia en acci\u00f3n  <\/em><\/p><\/blockquote>\n","protected":false},"excerpt":{"rendered":"<p>El Sistema R\u00edo Abierto es una combinaci\u00f3n de t\u00e9cnicas psicocorporales para el desarrollo integral del ser humano. Es una propuesta [&hellip;]<\/p>\n","protected":false},"author":1,"featured_media":0,"parent":0,"menu_order":0,"comment_status":"closed","ping_status":"closed","template":"","meta":[],"_links":{"self":[{"href":"http:\/\/rioabierto.org.ar\/index.php\/wp-json\/wp\/v2\/pages\/121"}],"collection":[{"href":"http:\/\/rioabierto.org.ar\/index.php\/wp-json\/wp\/v2\/pages"}],"about":[{"href":"http:\/\/rioabierto.org.ar\/index.php\/wp-json\/wp\/v2\/types\/page"}],"author":[{"embeddable":true,"href":"http:\/\/rioabierto.org.ar\/index.php\/wp-json\/wp\/v2\/users\/1"}],"replies":[{"embeddable":true,"href":"http:\/\/rioabierto.org.ar\/index.php\/wp-json\/wp\/v2\/comments?post=121"}],"version-history":[{"count":7,"href":"http:\/\/rioabierto.org.ar\/index.php\/wp-json\/wp\/v2\/pages\/121\/revisions"}],"predecessor-version":[{"id":1103,"href":"http:\/\/rioabierto.org.ar\/index.php\/wp-json\/wp\/v2\/pages\/121\/revisions\/1103"}],"wp:attachment":[{"href":"http:\/\/rioabierto.org.ar\/index.php\/wp-json\/wp\/v2\/media?parent=121"}],"curies":[{"name":"wp","href":"https:\/\/api.w.org\/{rel}","templated":true}]}}